{"id":265,"date":"2017-02-17T10:47:18","date_gmt":"2017-02-17T09:47:18","guid":{"rendered":"http:\/\/www.carolineperrier.com\/?page_id=265"},"modified":"2026-03-07T11:44:53","modified_gmt":"2026-03-07T10:44:53","slug":"photographe-professionnelle-portrait","status":"publish","type":"page","link":"https:\/\/www.carolineperrier.com\/","title":{"rendered":"Home"},"content":{"rendered":"<h1>Caroline Perrier Photographe : Qui suis-je?<\/h1>\n<h2>Mes d\u00e9buts de jeune photographe<\/h2>\n<p>A ma demande, on m&rsquo;a offert mon premier appareil photo reflex argentique \u00e0 14 ans. Tr\u00e8s vite, je me suis inscrite dans un laboratoire noir et blanc pour pouvoir d\u00e9velopper mes pellicules moi-m\u00eame et tirer mes propres photographies. Mon bac en poche, j&rsquo;ai fait une \u00e9cole de photographie \u00e0 Montpellier, dans l&rsquo;H\u00e9rault (34), en parall\u00e8le d&rsquo;une Licence en Arts.<\/p>\n<p>Depuis je suis photographe. Les m\u00e9thodes ont \u00e9volu\u00e9 entre temps, passage de la photographie argentique \u00e0 la photographie num\u00e9rique et ma pratique s&rsquo;est adapt\u00e9e. J&rsquo;ai compl\u00e9t\u00e9 mon savoir faire en me formant tout au long de mon parcours professionnel, notamment \u00e0 l&rsquo;\u00e9cole des Gobelins \u00e0 Paris (75013).<\/p>\n<h4>Mon travail artistique<\/h4>\n<p>&nbsp;<\/p>\n<p>En parall\u00e8le de mon travail de commande, je produis une photographie artistique. Le cahier de charge n&rsquo;incombe plus au client mais \u00e0 moi m\u00eame. Je choisis une th\u00e9matique, souvent sociale et engag\u00e9e, que je d\u00e9veloppe sur plusieurs mois de recherche. Mon domaine de pr\u00e9dilection est le portrait. La photographie de portrait est un beau pr\u00e9texte pour \u00e9changer entre humains. Gr\u00e2ce au portrait, une relation de confiance, d&rsquo;\u00e9change et de partage peut se cr\u00e9er. Je suis toujours fascin\u00e9e par les histoires de vie des personnes qui se laissent photographi\u00e9es. J&rsquo;apprends \u00e9norm\u00e9ment \u00e0 leur contact. Elles me font grandir et de ce qu&rsquo;elles me disent, c&rsquo;est r\u00e9ciproque.<\/p>\n<h3>Mon travail de photographe professionnelle<\/h3>\n<p>Aujourd&rsquo;hui mes clients sont principalement des professionnels.<\/p>\n<p>Les galeristes<\/p>\n<p>Je collabore depuis plus de 10 ans avec de nombreux galeristes d&rsquo;art et antiquaires. La photographie d&rsquo;objet haut de gamme est exigeante techniquement. Pour les r\u00e9aliser, je me d\u00e9place directement chez les galeristes avec mon \u00e9clairage studio (flash, parapluie, support de fond).<\/p>\n<p>Mes photographies sont ensuite utilis\u00e9es pour des sites de vente en ligne, des invitations, des fiches descriptives, des inscriptions des galeries pour les salons d&rsquo;art et design comme le PAD par exemple (Paris Art Design).<\/p>\n<p>Les fondations<\/p>\n<p>Je travaille r\u00e9guli\u00e8rement pour la communication des fondations. Celles-ci ont besoin de photographies pour diff\u00e9rents supports de communication tels que site internet, r\u00e9seaux sociaux, organigramme, plaquettes, kakemonos etc&#8230;<\/p>\n<p>Il s&rsquo;agit ici de photographie de reportage, documenter\u00a0 leurs activit\u00e9s et de photographie de portraits, collaborateurs et usagers. Ces fondations sont g\u00e9n\u00e9ralement en r\u00e9gion parisienne. La Fondation Cognacq Jay me fait confiance depuis plus de cinq ans.<\/p>\n<p>Les architectes et les agences immobili\u00e8res<\/p>\n<p>Afin de valoriser les r\u00e9alisations des architectes et booster les ventes des agences immobili\u00e8res, je r\u00e9alise des photos d&rsquo;int\u00e9rieurs. Perspectives, lumi\u00e8re naturelle, couleurs doivent \u00eatre rendues parfaitement. Les achats immobiliers sont de gros investissements. Les investisseurs doivent \u00eatre correctement renseign\u00e9s.<\/p>\n<p>&nbsp;<\/p>\n","protected":false},"excerpt":{"rendered":"<p>Caroline Perrier Photographe : Qui suis-je? Mes d\u00e9buts de jeune photographe A ma demande, on m&rsquo;a offert mon premier appareil photo reflex argentique \u00e0 14 ans. Tr\u00e8s vite, je me suis inscrite dans un laboratoire noir et blanc pour pouvoir d\u00e9velopper mes pellicules moi-m\u00eame et tirer mes propres photographies. Mon &hellip;<\/p>\n<div class=\"wrap-excerpt-more\"><a class=\"excerpt-more\" href=\"https:\/\/www.carolineperrier.com\/\">Continue reading<\/a><\/div>\n","protected":false},"author":1,"featured_media":356,"parent":0,"menu_order":0,"comment_status":"closed","ping_status":"closed","template":"template-full-width.php","meta":[],"yoast_head":"<!-- This site is optimized with the Yoast SEO plugin v20.3 - https:\/\/yoast.com\/wordpress\/plugins\/seo\/ -->\n<title>Home - Caroline Perrier Photographe<\/title>\n<meta name=\"description\" content=\"Photographe professionnelle de portraits, d&#039;oeuvres d&#039;art, d&#039;immobilier et d&#039;entreprise\" \/>\n<meta name=\"robots\" content=\"index, follow, max-snippet:-1, max-image-preview:large, max-video-preview:-1\" \/>\n<link rel=\"canonical\" href=\"https:\/\/www.carolineperrier.com\/\" \/>\n<meta property=\"og:locale\" content=\"fr_FR\" \/>\n<meta property=\"og:type\" content=\"article\" \/>\n<meta property=\"og:title\" content=\"Home - Caroline Perrier Photographe\" \/>\n<meta property=\"og:description\" content=\"Photographe professionnelle de portraits, d&#039;oeuvres d&#039;art, d&#039;immobilier et d&#039;entreprise\" \/>\n<meta property=\"og:url\" content=\"https:\/\/www.carolineperrier.com\/\" \/>\n<meta property=\"og:site_name\" content=\"Caroline Perrier Photographe\" \/>\n<meta property=\"article:modified_time\" content=\"2026-03-07T10:44:53+00:00\" \/>\n<meta property=\"og:image\" content=\"http:\/\/www.carolineperrier.com\/wp-content\/uploads\/2017\/02\/Frames.jpg\" \/>\n\t<meta property=\"og:image:width\" content=\"1900\" \/>\n\t<meta property=\"og:image:height\" content=\"1272\" \/>\n\t<meta property=\"og:image:type\" content=\"image\/jpeg\" \/>\n<meta name=\"twitter:card\" content=\"summary_large_image\" \/>\n<meta name=\"twitter:label1\" content=\"Dur\u00e9e de lecture estim\u00e9e\" \/>\n\t<meta name=\"twitter:data1\" content=\"3 minutes\" \/>\n<script type=\"application\/ld+json\" class=\"yoast-schema-graph\">{\"@context\":\"https:\/\/schema.org\",\"@graph\":[{\"@type\":\"WebPage\",\"@id\":\"https:\/\/www.carolineperrier.com\/\",\"url\":\"https:\/\/www.carolineperrier.com\/\",\"name\":\"Home - Caroline Perrier Photographe\",\"isPartOf\":{\"@id\":\"https:\/\/www.carolineperrier.com\/#website\"},\"datePublished\":\"2017-02-17T09:47:18+00:00\",\"dateModified\":\"2026-03-07T10:44:53+00:00\",\"description\":\"Photographe professionnelle de portraits, d'oeuvres d'art, d'immobilier et d'entreprise\",\"breadcrumb\":{\"@id\":\"https:\/\/www.carolineperrier.com\/#breadcrumb\"},\"inLanguage\":\"fr-FR\",\"potentialAction\":[{\"@type\":\"ReadAction\",\"target\":[\"https:\/\/www.carolineperrier.com\/\"]}]},{\"@type\":\"BreadcrumbList\",\"@id\":\"https:\/\/www.carolineperrier.com\/#breadcrumb\",\"itemListElement\":[{\"@type\":\"ListItem\",\"position\":1,\"name\":\"Accueil\",\"item\":\"https:\/\/www.carolineperrier.com\/\"},{\"@type\":\"ListItem\",\"position\":2,\"name\":\"Home\"}]},{\"@type\":\"WebSite\",\"@id\":\"https:\/\/www.carolineperrier.com\/#website\",\"url\":\"https:\/\/www.carolineperrier.com\/\",\"name\":\"Caroline Perrier Photographe\",\"description\":\"\",\"potentialAction\":[{\"@type\":\"SearchAction\",\"target\":{\"@type\":\"EntryPoint\",\"urlTemplate\":\"https:\/\/www.carolineperrier.com\/?s={search_term_string}\"},\"query-input\":\"required name=search_term_string\"}],\"inLanguage\":\"fr-FR\"}]}<\/script>\n<!-- \/ Yoast SEO plugin. -->","yoast_head_json":{"title":"Home - Caroline Perrier Photographe","description":"Photographe professionnelle de portraits, d'oeuvres d'art, d'immobilier et d'entreprise","robots":{"index":"index","follow":"follow","max-snippet":"max-snippet:-1","max-image-preview":"max-image-preview:large","max-video-preview":"max-video-preview:-1"},"canonical":"https:\/\/www.carolineperrier.com\/","og_locale":"fr_FR","og_type":"article","og_title":"Home - Caroline Perrier Photographe","og_description":"Photographe professionnelle de portraits, d'oeuvres d'art, d'immobilier et d'entreprise","og_url":"https:\/\/www.carolineperrier.com\/","og_site_name":"Caroline Perrier Photographe","article_modified_time":"2026-03-07T10:44:53+00:00","og_image":[{"width":1900,"height":1272,"url":"http:\/\/www.carolineperrier.com\/wp-content\/uploads\/2017\/02\/Frames.jpg","type":"image\/jpeg"}],"twitter_card":"summary_large_image","twitter_misc":{"Dur\u00e9e de lecture estim\u00e9e":"3 minutes"},"schema":{"@context":"https:\/\/schema.org","@graph":[{"@type":"WebPage","@id":"https:\/\/www.carolineperrier.com\/","url":"https:\/\/www.carolineperrier.com\/","name":"Home - Caroline Perrier Photographe","isPartOf":{"@id":"https:\/\/www.carolineperrier.com\/#website"},"datePublished":"2017-02-17T09:47:18+00:00","dateModified":"2026-03-07T10:44:53+00:00","description":"Photographe professionnelle de portraits, d'oeuvres d'art, d'immobilier et d'entreprise","breadcrumb":{"@id":"https:\/\/www.carolineperrier.com\/#breadcrumb"},"inLanguage":"fr-FR","potentialAction":[{"@type":"ReadAction","target":["https:\/\/www.carolineperrier.com\/"]}]},{"@type":"BreadcrumbList","@id":"https:\/\/www.carolineperrier.com\/#breadcrumb","itemListElement":[{"@type":"ListItem","position":1,"name":"Accueil","item":"https:\/\/www.carolineperrier.com\/"},{"@type":"ListItem","position":2,"name":"Home"}]},{"@type":"WebSite","@id":"https:\/\/www.carolineperrier.com\/#website","url":"https:\/\/www.carolineperrier.com\/","name":"Caroline Perrier Photographe","description":"","potentialAction":[{"@type":"SearchAction","target":{"@type":"EntryPoint","urlTemplate":"https:\/\/www.carolineperrier.com\/?s={search_term_string}"},"query-input":"required name=search_term_string"}],"inLanguage":"fr-FR"}]}},"_links":{"self":[{"href":"https:\/\/www.carolineperrier.com\/index.php\/wp-json\/wp\/v2\/pages\/265"}],"collection":[{"href":"https:\/\/www.carolineperrier.com\/index.php\/wp-json\/wp\/v2\/pages"}],"about":[{"href":"https:\/\/www.carolineperrier.com\/index.php\/wp-json\/wp\/v2\/types\/page"}],"author":[{"embeddable":true,"href":"https:\/\/www.carolineperrier.com\/index.php\/wp-json\/wp\/v2\/users\/1"}],"replies":[{"embeddable":true,"href":"https:\/\/www.carolineperrier.com\/index.php\/wp-json\/wp\/v2\/comments?post=265"}],"version-history":[{"count":19,"href":"https:\/\/www.carolineperrier.com\/index.php\/wp-json\/wp\/v2\/pages\/265\/revisions"}],"predecessor-version":[{"id":715,"href":"https:\/\/www.carolineperrier.com\/index.php\/wp-json\/wp\/v2\/pages\/265\/revisions\/715"}],"wp:featuredmedia":[{"embeddable":true,"href":"https:\/\/www.carolineperrier.com\/index.php\/wp-json\/wp\/v2\/media\/356"}],"wp:attachment":[{"href":"https:\/\/www.carolineperrier.com\/index.php\/wp-json\/wp\/v2\/media?parent=265"}],"curies":[{"name":"wp","href":"https:\/\/api.w.org\/{rel}","templated":true}]}}